{"id":286,"date":"2026-02-16T10:13:43","date_gmt":"2026-02-16T09:13:43","guid":{"rendered":"https:\/\/nova.casaruralmaspasqual.com\/?page_id=286"},"modified":"2026-02-17T09:27:39","modified_gmt":"2026-02-17T08:27:39","slug":"avis-legal","status":"publish","type":"page","link":"https:\/\/casaruralmaspasqual.com\/es\/avis-legal\/","title":{"rendered":"Aviso legal"},"content":{"rendered":"<div data-elementor-type=\"wp-page\" data-elementor-id=\"286\" class=\"elementor elementor-286\" data-elementor-post-type=\"page\">\n\t\t\t\t<div class=\"elementor-element elementor-element-185cce60 e-flex e-con-boxed e-con e-parent\" data-id=\"185cce60\" data-element_type=\"container\">\n\t\t\t\t\t<div class=\"e-con-inner\">\n\t\t\t\t<div class=\"elementor-element elementor-element-5099b47a elementor-widget elementor-widget-text-editor\" data-id=\"5099b47a\" data-element_type=\"widget\" data-widget_type=\"text-editor.default\">\n\t\t\t\t\t\t\t\t\t\n<h1 style=\"text-align: left;\"><strong>Aviso legal<\/strong><\/h1>\n<p><strong>\u00daltima actualizaci\u00f3n:<\/strong> 15\/01\/2024<br \/><strong>\u00c1mbito de aplicaci\u00f3n:<\/strong> Ciudadanos y residentes legales permanentes del Espacio Econ\u00f3mico Europeo y Suiza.<\/p>\n\n<h2 class=\"wp-block-heading\">1. Identificaci\u00f3n del propietario del sitio web<\/h2>\n\n<p>De conformidad con la Ley de Servicios de la Sociedad de la Informaci\u00f3n y Comercio Electr\u00f3nico (LSSI-CE), le informamos que:<\/p>\n\n<p><strong>Titular:<\/strong> Eva Pi Mir<br \/><strong>Direcci\u00f3n:<\/strong> Gola del Ter, s\/n, Torroella de Montgr\u00ed 17257, Girona, Espa\u00f1a<br \/><strong>Correo electr\u00f3nico:<\/strong> <a>evapimir@gmail.com<\/a><br \/><strong>Tel\u00e9fono:<\/strong> +34 659 70 70 55<br \/><strong>Web:<\/strong> <a href=\"https:\/\/casaruralmaspasqual.com\/ca\">https:\/\/casaruralmaspasqual.com\/ca<\/a><\/p>\n\n<h2 class=\"wp-block-heading\">2. Uso del sitio web<\/h2>\n\n<p>Este sitio web proporciona informaci\u00f3n sobre servicios y actividades relacionados con <strong>Casa rural Mas Pasqual<\/strong>. El acceso y uso del sitio web implica la aceptaci\u00f3n plena e incondicional de los t\u00e9rminos del aviso legal, as\u00ed como de la pol\u00edtica de privacidad y cookies.<\/p>\n\n<h2 class=\"wp-block-heading\">3. Propiedad intelectual e industrial<\/h2>\n\n<p>Todos los contenidos, textos, im\u00e1genes, logotipos, dise\u00f1os, iconos, archivos de sonido y software del sitio web son propiedad de Eva Pi Mir o de terceros que han autorizado su uso, y est\u00e1n protegidos por las leyes nacionales e internacionales sobre propiedad intelectual e industrial.<\/p>\n\n<p>Queda terminantemente prohibida la reproducci\u00f3n, distribuci\u00f3n, transformaci\u00f3n, comunicaci\u00f3n p\u00fablica o utilizaci\u00f3n de estos contenidos sin el consentimiento previo y por escrito del propietario del sitio web.<\/p>\n\n<h2 class=\"wp-block-heading\">4. Responsabilidad<\/h2>\n\n<p>El propietario no se hace responsable de los errores, omisiones o inexactitudes que puedan aparecer en la informaci\u00f3n publicada en el sitio web, ni de los da\u00f1os o perjuicios que puedan derivarse de su uso, siempre que estos no sean directamente imputables al propietario.<\/p>\n\n<p>El sitio web puede contener enlaces a otros sitios web de terceros. El propietario no ejerce ning\u00fan control sobre estos contenidos y, por lo tanto, no se hace responsable de la informaci\u00f3n, los servicios o los productos accesibles a trav\u00e9s de estos enlaces.<\/p>\n\n<h2 class=\"wp-block-heading\">5. Pol\u00edtica de cookies<\/h2>\n\n<p>Este sitio web utiliza cookies para mejorar la experiencia del usuario y habilitar funciones b\u00e1sicas, as\u00ed como con fines de marketing y seguimiento, incluido el contenido de redes sociales (Facebook, WhatsApp, Instagram).<\/p>\n\n<p>Para obtener m\u00e1s informaci\u00f3n, consulte nuestro <a href=\"https:\/\/casaruralmaspasqual.com\/ca\">Pol\u00edtica de cookies<\/a> que describe:<\/p>\n\n<ul class=\"wp-block-list\">\n<li>Tipos de cookies utilizadas<\/li>\n\n<li>Cookies t\u00e9cnicas o funcionales<\/li>\n\n<li>Cookies de marketing y seguimiento<\/li>\n\n<li>Cookies de redes sociales<\/li>\n\n<li>C\u00f3mo gestionar el consentimiento y su retirada<\/li>\n<\/ul>\n\n<h2 class=\"wp-block-heading\">6. Protecci\u00f3n de datos personales<\/h2>\n\n<p>De conformidad con el Reglamento General de Protecci\u00f3n de Datos (RGPD), los usuarios tienen los siguientes derechos en relaci\u00f3n con sus datos personales:<\/p>\n\n<ul class=\"wp-block-list\">\n<li>Acceso, rectificaci\u00f3n, supresi\u00f3n y oposici\u00f3n<\/li>\n\n<li>Limitaci\u00f3n del tratamiento<\/li>\n\n<li>Portabilidad de los datos<\/li>\n\n<li>Retirada del consentimiento en cualquier momento<\/li>\n<\/ul>\n\n<p>Para ejercer estos derechos, puede ponerse en contacto con <strong>Eva Pi Mir<\/strong> a <strong><a>evapimir@gmail.com<\/a><\/strong>. Tambi\u00e9n tiene derecho a presentar una reclamaci\u00f3n ante la\u2019<strong>Agencia Espa\u00f1ola de Protecci\u00f3n de Datos<\/strong>.<\/p>\n\n<h2 class=\"wp-block-heading\">7. Legislaci\u00f3n aplicable<\/h2>\n\n<p>El uso de este sitio web se regir\u00e1 por la legislaci\u00f3n espa\u00f1ola, y los tribunales de Girona ser\u00e1n los competentes para resolver cualquier controversia que pudiera surgir en relaci\u00f3n con el uso del sitio web y los servicios ofrecidos en el mismo.<\/p>\n\t\t\t\t\t\t\t\t<\/div>\n\t\t\t\t\t<\/div>\n\t\t\t\t<\/div>\n\t\t\t\t<\/div>","protected":false},"excerpt":{"rendered":"<p>Aviso legal   \u00daltima actualizaci\u00f3n: 15\/01\/2024   \u00c1mbito de aplicaci\u00f3n: Ciudadanos y residentes legales permanentes del Espacio Econ\u00f3mico Europeo y Suiza.   1. Identificaci\u00f3n del titular del sitio web En cumplimiento de la Ley de Servicios de la Sociedad de la Informaci\u00f3n y de Comercio Electr\u00f3nico (LSSI-CE), le informamos de que: Titular: Eva Pi Mir Direcci\u00f3n: pa Gola del Ter, s\/n, Torroella de Montgr\u00ed [\u2026]<\/p>","protected":false},"author":2,"featured_media":0,"parent":0,"menu_order":0,"comment_status":"closed","ping_status":"closed","template":"","meta":{"footnotes":""},"class_list":["post-286","page","type-page","status-publish","hentry"],"_links":{"self":[{"href":"https:\/\/casaruralmaspasqual.com\/es\/wp-json\/wp\/v2\/pages\/286","targetHints":{"allow":["GET"]}}],"collection":[{"href":"https:\/\/casaruralmaspasqual.com\/es\/wp-json\/wp\/v2\/pages"}],"about":[{"href":"https:\/\/casaruralmaspasqual.com\/es\/wp-json\/wp\/v2\/types\/page"}],"author":[{"embeddable":true,"href":"https:\/\/casaruralmaspasqual.com\/es\/wp-json\/wp\/v2\/users\/2"}],"replies":[{"embeddable":true,"href":"https:\/\/casaruralmaspasqual.com\/es\/wp-json\/wp\/v2\/comments?post=286"}],"version-history":[{"count":13,"href":"https:\/\/casaruralmaspasqual.com\/es\/wp-json\/wp\/v2\/pages\/286\/revisions"}],"predecessor-version":[{"id":422,"href":"https:\/\/casaruralmaspasqual.com\/es\/wp-json\/wp\/v2\/pages\/286\/revisions\/422"}],"wp:attachment":[{"href":"https:\/\/casaruralmaspasqual.com\/es\/wp-json\/wp\/v2\/media?parent=286"}],"curies":[{"name":"WordPress","href":"https:\/\/api.w.org\/{rel}","templated":true}]}}