{"id":286,"date":"2026-02-16T10:13:43","date_gmt":"2026-02-16T09:13:43","guid":{"rendered":"https:\/\/nova.casaruralmaspasqual.com\/?page_id=286"},"modified":"2026-02-17T09:27:39","modified_gmt":"2026-02-17T08:27:39","slug":"avis-legal","status":"publish","type":"page","link":"https:\/\/casaruralmaspasqual.com\/fr\/avis-legal\/","title":{"rendered":"Mentions l\u00e9gales"},"content":{"rendered":"<div data-elementor-type=\"wp-page\" data-elementor-id=\"286\" class=\"elementor elementor-286\" data-elementor-post-type=\"page\">\n\t\t\t\t<div class=\"elementor-element elementor-element-185cce60 e-flex e-con-boxed e-con e-parent\" data-id=\"185cce60\" data-element_type=\"container\">\n\t\t\t\t\t<div class=\"e-con-inner\">\n\t\t\t\t<div class=\"elementor-element elementor-element-5099b47a elementor-widget elementor-widget-text-editor\" data-id=\"5099b47a\" data-element_type=\"widget\" data-widget_type=\"text-editor.default\">\n\t\t\t\t\t\t\t\t\t\n<h1 style=\"text-align: left;\"><strong>Mentions l\u00e9gales<\/strong><\/h1>\n<p><strong>Derni\u00e8re mise \u00e0 jour :<\/strong> 15\/01\/2024<br \/><strong>Champ d'application :<\/strong> Citoyens et r\u00e9sidents permanents l\u00e9gaux de l'Espace \u00e9conomique europ\u00e9en et de la Suisse.<\/p>\n\n<h2 class=\"wp-block-heading\">1. Identification du propri\u00e9taire du site web<\/h2>\n\n<p>Conform\u00e9ment \u00e0 la loi sur les services de la soci\u00e9t\u00e9 de l'information et le commerce \u00e9lectronique (LSSI-CE), nous vous informons que :<\/p>\n\n<p><strong>Titre :<\/strong> Eva Pi Mir<br \/><strong>Adresse :<\/strong> Gola del Ter, s\/n, Torroella de Montgr\u00ed 17257, G\u00e9rone, Espagne<br \/><strong>Courriel :<\/strong> <a>evapimir@gmail.com<\/a><br \/><strong>T\u00e9l\u00e9phone :<\/strong> +34 659 70 70 55<br \/><strong>Web :<\/strong> <a href=\"https:\/\/casaruralmaspasqual.com\/ca\">https:\/\/casaruralmaspasqual.com\/ca<\/a><\/p>\n\n<h2 class=\"wp-block-heading\">2. Utilisation du site web<\/h2>\n\n<p>Ce site web fournit des informations sur les services et les activit\u00e9s li\u00e9s \u00e0 <strong>Maison rurale Mas Pasqual<\/strong>. L'acc\u00e8s et l'utilisation du site web impliquent l'acceptation pleine et inconditionnelle des conditions g\u00e9n\u00e9rales d'utilisation, ainsi que de la politique de confidentialit\u00e9 et de cookies.<\/p>\n\n<h2 class=\"wp-block-heading\">3. Propri\u00e9t\u00e9 intellectuelle et industrielle<\/h2>\n\n<p>Tous les contenus, textes, images, logos, dessins, ic\u00f4nes, fichiers audio et logiciels figurant sur le site web sont la propri\u00e9t\u00e9 d'Eva Pi Mir ou de tiers qui ont autoris\u00e9 leur utilisation, et sont prot\u00e9g\u00e9s par les lois nationales et internationales sur la propri\u00e9t\u00e9 intellectuelle et industrielle.<\/p>\n\n<p>La reproduction, la distribution, la transformation, la communication publique ou l'utilisation de ces contenus sans l'accord \u00e9crit pr\u00e9alable du propri\u00e9taire du site web sont strictement interdites.<\/p>\n\n<h2 class=\"wp-block-heading\">4. Responsabilit\u00e9<\/h2>\n\n<p>Le propri\u00e9taire ne saurait \u00eatre tenu responsable des erreurs, omissions ou inexactitudes contenues dans les informations publi\u00e9es sur le site web, ni des dommages ou pertes pouvant r\u00e9sulter de leur utilisation, \u00e0 condition que ceux-ci ne soient pas directement imputables au propri\u00e9taire.<\/p>\n\n<p>Le site web peut contenir des liens vers d'autres sites web tiers. Le propri\u00e9taire n'exerce aucun contr\u00f4le sur ces contenus et, par cons\u00e9quent, n'assume aucune responsabilit\u00e9 quant aux informations, services ou produits accessibles via ces liens.<\/p>\n\n<h2 class=\"wp-block-heading\">5. Politique en mati\u00e8re de cookies<\/h2>\n\n<p>Ce site Web utilise des cookies pour am\u00e9liorer l'exp\u00e9rience utilisateur et permettre le fonctionnement des fonctionnalit\u00e9s de base, ainsi qu'\u00e0 des fins de marketing et de suivi, y compris pour les contenus des r\u00e9seaux sociaux (Facebook, WhatsApp, Instagram).<\/p>\n\n<p>Pour plus d'informations, consultez notre <a href=\"https:\/\/casaruralmaspasqual.com\/ca\">Politique en mati\u00e8re de cookies<\/a> qui d\u00e9crit :<\/p>\n\n<ul class=\"wp-block-list\">\n<li>Types de cookies utilis\u00e9s<\/li>\n\n<li>Cookies techniques ou fonctionnels<\/li>\n\n<li>Cookies marketing et de suivi<\/li>\n\n<li>Cookies des r\u00e9seaux sociaux<\/li>\n\n<li>Comment g\u00e9rer le consentement et son retrait<\/li>\n<\/ul>\n\n<h2 class=\"wp-block-heading\">6. Protection des donn\u00e9es personnelles<\/h2>\n\n<p>Conform\u00e9ment au R\u00e8glement g\u00e9n\u00e9ral sur la protection des donn\u00e9es (RGPD), les utilisateurs disposent des droits suivants concernant leurs donn\u00e9es personnelles :<\/p>\n\n<ul class=\"wp-block-list\">\n<li>Acc\u00e8s, rectification, effacement et opposition<\/li>\n\n<li>Limitation du traitement<\/li>\n\n<li>Portabilit\u00e9 des donn\u00e9es<\/li>\n\n<li>Retrait du consentement \u00e0 tout moment<\/li>\n<\/ul>\n\n<p>Pour exercer ces droits, vous pouvez contacter <strong>Eva Pi Mir<\/strong> a <strong><a>evapimir@gmail.com<\/a><\/strong>. Vous avez \u00e9galement le droit de d\u00e9poser une plainte aupr\u00e8s de l\u2019<strong>Agence espagnole de protection des donn\u00e9es<\/strong>.<\/p>\n\n<h2 class=\"wp-block-heading\">7. Droit applicable<\/h2>\n\n<p>L'utilisation de ce site web est r\u00e9gie par la l\u00e9gislation espagnole, et les tribunaux de G\u00e9rone seront comp\u00e9tents pour r\u00e9soudre tout litige pouvant survenir en relation avec l'utilisation du site web et des services qui y sont propos\u00e9s.<\/p>\n\t\t\t\t\t\t\t\t<\/div>\n\t\t\t\t\t<\/div>\n\t\t\t\t<\/div>\n\t\t\t\t<\/div>","protected":false},"excerpt":{"rendered":"<p>Av\u00eds Legal \u00daltima actualitzaci\u00f3: 15\/01\/2024\u00c0mbit d\u2019aplicaci\u00f3: Ciutadans i residents legals permanents de l\u2019Espai Econ\u00f2mic Europeu i Su\u00efssa. 1. Identificaci\u00f3 del titular del lloc web D\u2019acord amb la Llei de Serveis de la Societat de la Informaci\u00f3 i Comer\u00e7 Electr\u00f2nic (LSSI-CE), us informem que: Titular: Eva Pi MirAdre\u00e7a: pa Gola del Ter, s\/n, Torroella de Montgr\u00ed [&hellip;]<\/p>","protected":false},"author":2,"featured_media":0,"parent":0,"menu_order":0,"comment_status":"closed","ping_status":"closed","template":"","meta":{"footnotes":""},"class_list":["post-286","page","type-page","status-publish","hentry"],"_links":{"self":[{"href":"https:\/\/casaruralmaspasqual.com\/fr\/wp-json\/wp\/v2\/pages\/286","targetHints":{"allow":["GET"]}}],"collection":[{"href":"https:\/\/casaruralmaspasqual.com\/fr\/wp-json\/wp\/v2\/pages"}],"about":[{"href":"https:\/\/casaruralmaspasqual.com\/fr\/wp-json\/wp\/v2\/types\/page"}],"author":[{"embeddable":true,"href":"https:\/\/casaruralmaspasqual.com\/fr\/wp-json\/wp\/v2\/users\/2"}],"replies":[{"embeddable":true,"href":"https:\/\/casaruralmaspasqual.com\/fr\/wp-json\/wp\/v2\/comments?post=286"}],"version-history":[{"count":13,"href":"https:\/\/casaruralmaspasqual.com\/fr\/wp-json\/wp\/v2\/pages\/286\/revisions"}],"predecessor-version":[{"id":422,"href":"https:\/\/casaruralmaspasqual.com\/fr\/wp-json\/wp\/v2\/pages\/286\/revisions\/422"}],"wp:attachment":[{"href":"https:\/\/casaruralmaspasqual.com\/fr\/wp-json\/wp\/v2\/media?parent=286"}],"curies":[{"name":"WordPress","href":"https:\/\/api.w.org\/{rel}","templated":true}]}}